{"id":198,"date":"2021-07-12T20:11:16","date_gmt":"2021-07-12T20:11:16","guid":{"rendered":"https:\/\/lamansa.com.py\/?page_id=198"},"modified":"2021-07-12T20:14:04","modified_gmt":"2021-07-12T20:14:04","slug":"corazon-negro-chardonnay","status":"publish","type":"page","link":"http:\/\/lamansa.com.py\/index.php\/corazon-negro-chardonnay\/","title":{"rendered":"Coraz\u00f3n Negro Chardonnay"},"content":{"rendered":"\t\t<div data-elementor-type=\"wp-page\" data-elementor-id=\"198\" class=\"elementor elementor-198\" data-elementor-settings=\"[]\">\n\t\t\t\t\t\t\t<div class=\"elementor-section-wrap\">\n\t\t\t\t\t\t\t<section class=\"elementor-section elementor-top-section elementor-element elementor-element-3d234f94 elementor-section-full_width elementor-reverse-mobile elementor-section-height-default elementor-section-height-default\" data-id=\"3d234f94\" data-element_type=\"section\" data-settings=\"{&quot;background_background&quot;:&quot;classic&quot;}\">\n\t\t\t\t\t\t<div class=\"elementor-container elementor-column-gap-no\">\n\t\t\t\t\t<div class=\"elementor-column elementor-col-50 elementor-top-column elementor-element elementor-element-491dbc43\" data-id=\"491dbc43\" data-element_type=\"column\">\n\t\t\t<div class=\"elementor-widget-wrap elementor-element-populated\">\n\t\t\t\t\t\t\t\t<div class=\"elementor-element elementor-element-25c35fa elementor-widget elementor-widget-heading\" data-id=\"25c35fa\" data-element_type=\"widget\" data-widget_type=\"heading.default\">\n\t\t\t\t<div class=\"elementor-widget-container\">\n\t\t\t<h1 class=\"elementor-heading-title elementor-size-default\">CORAZ\u00d3N NEGRO\n<\/h1>\t\t<\/div>\n\t\t\t\t<\/div>\n\t\t\t\t<div class=\"elementor-element elementor-element-450076c5 elementor-widget elementor-widget-heading\" data-id=\"450076c5\" data-element_type=\"widget\" data-widget_type=\"heading.default\">\n\t\t\t\t<div class=\"elementor-widget-container\">\n\t\t\t<h3 class=\"elementor-heading-title elementor-size-default\">Chardonnay Reserva Roble 2017<\/h3>\t\t<\/div>\n\t\t\t\t<\/div>\n\t\t\t\t\t<\/div>\n\t\t<\/div>\n\t\t\t\t<div class=\"elementor-column elementor-col-50 elementor-top-column elementor-element elementor-element-3b17ab8c\" data-id=\"3b17ab8c\" data-element_type=\"column\">\n\t\t\t<div class=\"elementor-widget-wrap elementor-element-populated\">\n\t\t\t\t\t\t\t\t<div class=\"elementor-element elementor-element-51011446 elementor--h-position-center elementor--v-position-middle elementor-widget elementor-widget-slides\" data-id=\"51011446\" data-element_type=\"widget\" data-settings=\"{&quot;navigation&quot;:&quot;none&quot;,&quot;autoplay&quot;:&quot;yes&quot;,&quot;pause_on_hover&quot;:&quot;yes&quot;,&quot;pause_on_interaction&quot;:&quot;yes&quot;,&quot;autoplay_speed&quot;:5000,&quot;infinite&quot;:&quot;yes&quot;,&quot;transition&quot;:&quot;slide&quot;,&quot;transition_speed&quot;:500}\" data-widget_type=\"slides.default\">\n\t\t\t\t<div class=\"elementor-widget-container\">\n\t\t\t\t\t<div class=\"elementor-swiper\">\n\t\t\t<div class=\"elementor-slides-wrapper elementor-main-swiper swiper-container\" dir=\"ltr\" data-animation=\"fadeInUp\">\n\t\t\t\t<div class=\"swiper-wrapper elementor-slides\">\n\t\t\t\t\t<div class=\"elementor-repeater-item-e1ae81f swiper-slide\"><div class=\"swiper-slide-bg elementor-ken-burns elementor-ken-burns--in\"><\/div><div class=\"swiper-slide-inner\" ><div class=\"swiper-slide-contents\"><\/div><\/div><\/div><div class=\"elementor-repeater-item-3b19dbc swiper-slide\"><div class=\"swiper-slide-bg elementor-ken-burns elementor-ken-burns--in\"><\/div><div class=\"swiper-slide-inner\" ><div class=\"swiper-slide-contents\"><\/div><\/div><\/div><div class=\"elementor-repeater-item-1c87d4c swiper-slide\"><div class=\"swiper-slide-bg elementor-ken-burns elementor-ken-burns--in\"><\/div><div class=\"swiper-slide-inner\" ><div class=\"swiper-slide-contents\"><\/div><\/div><\/div>\t\t\t\t<\/div>\n\t\t\t\t\t\t\t\t\t\t\t\t\t\t\t\t\t\t\t\t\t<\/div>\n\t\t<\/div>\n\t\t\t\t<\/div>\n\t\t\t\t<\/div>\n\t\t\t\t\t<\/div>\n\t\t<\/div>\n\t\t\t\t\t\t\t<\/div>\n\t\t<\/section>\n\t\t\t\t<section class=\"elementor-section elementor-top-section elementor-element elementor-element-627f6e5d elementor-section-boxed elementor-section-height-default elementor-section-height-default\" data-id=\"627f6e5d\" data-element_type=\"section\">\n\t\t\t\t\t\t<div class=\"elementor-container elementor-column-gap-default\">\n\t\t\t\t\t<div class=\"elementor-column elementor-col-50 elementor-top-column elementor-element elementor-element-4d729faf\" data-id=\"4d729faf\" data-element_type=\"column\">\n\t\t\t<div class=\"elementor-widget-wrap elementor-element-populated\">\n\t\t\t\t\t\t\t\t<div class=\"elementor-element elementor-element-7cf59b1e elementor-widget elementor-widget-image\" data-id=\"7cf59b1e\" data-element_type=\"widget\" data-widget_type=\"image.default\">\n\t\t\t\t<div class=\"elementor-widget-container\">\n\t\t\t\t\t\t\t\t\t\t\t\t\t\t\t<img width=\"214\" height=\"600\" src=\"http:\/\/lamansa.com.py\/wp-content\/uploads\/2021\/07\/Corazon-chardonnay-2-1.png\" class=\"attachment-large size-large\" alt=\"\" loading=\"lazy\" srcset=\"http:\/\/lamansa.com.py\/wp-content\/uploads\/2021\/07\/Corazon-chardonnay-2-1.png 214w, http:\/\/lamansa.com.py\/wp-content\/uploads\/2021\/07\/Corazon-chardonnay-2-1-107x300.png 107w\" sizes=\"(max-width: 214px) 100vw, 214px\" \/>\t\t\t\t\t\t\t\t\t\t\t\t\t\t\t<\/div>\n\t\t\t\t<\/div>\n\t\t\t\t\t<\/div>\n\t\t<\/div>\n\t\t\t\t<div class=\"elementor-column elementor-col-50 elementor-top-column elementor-element elementor-element-7c4db98\" data-id=\"7c4db98\" data-element_type=\"column\">\n\t\t\t<div class=\"elementor-widget-wrap elementor-element-populated\">\n\t\t\t\t\t\t\t\t<div class=\"elementor-element elementor-element-112dc0ca elementor-widget elementor-widget-heading\" data-id=\"112dc0ca\" data-element_type=\"widget\" data-widget_type=\"heading.default\">\n\t\t\t\t<div class=\"elementor-widget-container\">\n\t\t\t<h2 class=\"elementor-heading-title elementor-size-default\">Datos t\u00e9cnicos<\/h2>\t\t<\/div>\n\t\t\t\t<\/div>\n\t\t\t\t<div class=\"elementor-element elementor-element-614238c6 elementor-widget__width-initial elementor-widget elementor-widget-text-editor\" data-id=\"614238c6\" data-element_type=\"widget\" data-widget_type=\"text-editor.default\">\n\t\t\t\t<div class=\"elementor-widget-container\">\n\t\t\t\t\t\t\t\t<p><span dir=\"ltr\"><strong>Uva<\/strong>: 100 % Chardonnay<br \/><\/span><span dir=\"ltr\">Vi\u00f1edos seleccionados, de baja producci\u00f3n<\/span><\/p><p><span dir=\"ltr\"><strong>Regi\u00f3n<\/strong>: San Rafael &#8211; Mendoza<br \/><\/span><span dir=\"ltr\"><strong>A\u00f1o<\/strong>: 2018<br \/><\/span><span dir=\"ltr\"><strong>Contenido<\/strong>: 750 c.c.<br \/><\/span><span dir=\"ltr\"><strong>Presentaci\u00f3n<\/strong>: caja estilo cofre de 3 botellas. Tap\u00f3n natural. <\/span><span dir=\"ltr\">Botella Borgo\u00f1a.<br \/><\/span><span dir=\"ltr\"><strong>Tenor\u00a0<\/strong><b>Alcoh\u00f3lico<\/b>: 14,3 %<br \/><\/span><span dir=\"ltr\"><strong>A\u00f1ejamiento<\/strong>: 12 meses en barrica de roble americano de 1er y <\/span><span dir=\"ltr\">2do uso<br \/><\/span><span dir=\"ltr\"><strong>Crianza<\/strong>: 5 meses en botella, en cava.<br \/><\/span><span dir=\"ltr\"><strong>Temperatura de servicio<\/strong>: de 12 a 15\u00b0c<br \/><\/span><span dir=\"ltr\"><strong>Guarda estimada<\/strong>: 8 a\u00f1os<\/span><\/p>\t\t\t\t\t\t<\/div>\n\t\t\t\t<\/div>\n\t\t\t\t<div class=\"elementor-element elementor-element-52cfeb11 elementor-widget__width-initial elementor-widget elementor-widget-button\" data-id=\"52cfeb11\" data-element_type=\"widget\" data-widget_type=\"button.default\">\n\t\t\t\t<div class=\"elementor-widget-container\">\n\t\t\t\t\t<div class=\"elementor-button-wrapper\">\n\t\t\t<a href=\"https:\/\/lamansa.com.ar\/wp-content\/uploads\/2021\/03\/nota-de-cata-ego-corazon-CHARDONNAY.pdf\" target=\"_blank\" class=\"elementor-button-link elementor-button elementor-size-sm\" role=\"button\">\n\t\t\t\t\t\t<span class=\"elementor-button-content-wrapper\">\n\t\t\t\t\t\t<span class=\"elementor-button-text\">Ficha t\u00e9cnica completa<\/span>\n\t\t<\/span>\n\t\t\t\t\t<\/a>\n\t\t<\/div>\n\t\t\t\t<\/div>\n\t\t\t\t<\/div>\n\t\t\t\t\t<\/div>\n\t\t<\/div>\n\t\t\t\t\t\t\t<\/div>\n\t\t<\/section>\n\t\t\t\t<section class=\"elementor-section elementor-top-section elementor-element elementor-element-6ce2b57a elementor-section-boxed elementor-section-height-default elementor-section-height-default\" data-id=\"6ce2b57a\" data-element_type=\"section\">\n\t\t\t\t\t\t<div class=\"elementor-container elementor-column-gap-default\">\n\t\t\t\t\t<div class=\"elementor-column elementor-col-100 elementor-top-column elementor-element elementor-element-38f8ac26\" data-id=\"38f8ac26\" data-element_type=\"column\">\n\t\t\t<div class=\"elementor-widget-wrap elementor-element-populated\">\n\t\t\t\t\t\t\t\t<div class=\"elementor-element elementor-element-37bf180d elementor-widget-divider--view-line elementor-widget elementor-widget-divider\" data-id=\"37bf180d\" data-element_type=\"widget\" data-widget_type=\"divider.default\">\n\t\t\t\t<div class=\"elementor-widget-container\">\n\t\t\t\t\t<div class=\"elementor-divider\">\n\t\t\t<span class=\"elementor-divider-separator\">\n\t\t\t\t\t\t<\/span>\n\t\t<\/div>\n\t\t\t\t<\/div>\n\t\t\t\t<\/div>\n\t\t\t\t\t<\/div>\n\t\t<\/div>\n\t\t\t\t\t\t\t<\/div>\n\t\t<\/section>\n\t\t\t\t<section class=\"elementor-section elementor-top-section elementor-element elementor-element-7a134dc2 elementor-section-boxed elementor-section-height-default elementor-section-height-default\" data-id=\"7a134dc2\" data-element_type=\"section\">\n\t\t\t\t\t\t<div class=\"elementor-container elementor-column-gap-default\">\n\t\t\t\t\t<div class=\"elementor-column elementor-col-33 elementor-top-column elementor-element elementor-element-7a197d2\" data-id=\"7a197d2\" data-element_type=\"column\">\n\t\t\t<div class=\"elementor-widget-wrap elementor-element-populated\">\n\t\t\t\t\t\t\t\t<div class=\"elementor-element elementor-element-4a448dd8 elementor-widget elementor-widget-text-editor\" data-id=\"4a448dd8\" data-element_type=\"widget\" data-widget_type=\"text-editor.default\">\n\t\t\t\t<div class=\"elementor-widget-container\">\n\t\t\t\t\t\t\t\t<div id=\"elementor-tab-content-5761\" class=\"elementor-tab-content elementor-clearfix elementor-active\" role=\"tabpanel\" data-tab=\"1\" aria-labelledby=\"elementor-tab-title-5761\">\n\n<strong>\u00bfEn qu\u00e9 consiste la Microvinificaci\u00f3n?<\/strong>\n\nNuestro equipo de en\u00f3logos, despu\u00e9s de seleccionar los varietales ideales del a\u00f1o y de esperar el momento exacto de maduraci\u00f3n m\u00e1xima, recolectan los racimos de uva en forma manual, separan y seleccionan los granos de uva de la misma forma, y los colocan cuidadosamente y sin romperlos dentro de barricas de roble franc\u00e9s, donde se realizar\u00e1 la fermentaci\u00f3n alcoh\u00f3lica y malolactica, dentro de cada uno de los granos de esta noble fruta.\n\nEl vino completar\u00e1 luego, dentro de la misma barrica, su crianza de hasta 2 a\u00f1os, logrando una comuni\u00f3n perfecta entre fruta, vino y madera.\n\n<\/div>\t\t\t\t\t\t<\/div>\n\t\t\t\t<\/div>\n\t\t\t\t\t<\/div>\n\t\t<\/div>\n\t\t\t\t<div class=\"elementor-column elementor-col-33 elementor-top-column elementor-element elementor-element-6592c70e\" data-id=\"6592c70e\" data-element_type=\"column\">\n\t\t\t<div class=\"elementor-widget-wrap elementor-element-populated\">\n\t\t\t\t\t\t\t\t<div class=\"elementor-element elementor-element-397acea elementor-widget elementor-widget-text-editor\" data-id=\"397acea\" data-element_type=\"widget\" data-widget_type=\"text-editor.default\">\n\t\t\t\t<div class=\"elementor-widget-container\">\n\t\t\t\t\t\t\t\t<div id=\"elementor-tab-content-5761\" class=\"elementor-tab-content elementor-clearfix elementor-active\" role=\"tabpanel\" data-tab=\"1\" aria-labelledby=\"elementor-tab-title-5761\"><p><strong>\u00bfQu\u00e9 diferencia a estos vinos del resto?<\/strong><\/p><div id=\"elementor-tab-content-5762\" class=\"elementor-tab-content elementor-clearfix elementor-active\" role=\"tabpanel\" data-tab=\"2\" aria-labelledby=\"elementor-tab-title-5762\"><p>Su cuidado, tratamiento y recolecci\u00f3n personalizada en cada planta, y la elecci\u00f3n acertada de cada vendimia hacen que cada barrica sea una obra de arte individual del resto.<\/p><p>Por su fermentaci\u00f3n alcoh\u00f3lica en barrica adquieren sabores y notas tostadas y ahumadas, particulares y representativas de este m\u00e9todo; finalizando con una fermentaci\u00f3n malolactica, que acentuar\u00e1 aromas y sabores mantecosos l\u00e1cticos y dar\u00e1 como resultado un vino equilibrado, aterciopelado y extremadamente redondo.<\/p><p>\u201cVinos \u00fanicos, irrepetibles, vinos de dise\u00f1o\u201d.<\/p><\/div><\/div>\t\t\t\t\t\t<\/div>\n\t\t\t\t<\/div>\n\t\t\t\t\t<\/div>\n\t\t<\/div>\n\t\t\t\t<div class=\"elementor-column elementor-col-33 elementor-top-column elementor-element elementor-element-3a313613\" data-id=\"3a313613\" data-element_type=\"column\">\n\t\t\t<div class=\"elementor-widget-wrap elementor-element-populated\">\n\t\t\t\t\t\t\t\t<div class=\"elementor-element elementor-element-72cac047 elementor-widget elementor-widget-text-editor\" data-id=\"72cac047\" data-element_type=\"widget\" data-widget_type=\"text-editor.default\">\n\t\t\t\t<div class=\"elementor-widget-container\">\n\t\t\t\t\t\t\t\t<div id=\"elementor-tab-content-5761\" class=\"elementor-tab-content elementor-clearfix elementor-active\" role=\"tabpanel\" data-tab=\"1\" aria-labelledby=\"elementor-tab-title-5761\"><p><strong>\u00bfQu\u00e9 l\u00edneas de vinos elabora La mansa wine estates con este proceso?<\/strong><\/p><div id=\"elementor-tab-content-5762\" class=\"elementor-tab-content elementor-clearfix elementor-active\" role=\"tabpanel\" data-tab=\"2\" aria-labelledby=\"elementor-tab-title-5762\"><div id=\"elementor-tab-content-5763\" class=\"elementor-tab-content elementor-clearfix elementor-active\" role=\"tabpanel\" data-tab=\"3\" aria-labelledby=\"elementor-tab-title-5763\"><p>Disponemos en este momento de un varietal chardonnay que corresponde a nuestra l\u00ednea ego Coraz\u00f3n Negro. Una particular partida limitada que hacen de este blanco un vino ideal para acompa\u00f1ar un amplio abanico de platos, entre los cuales algunos normalmente se pensar\u00edan para vinos tintos como carnes rojas, salsas a la crema y postres con chocolate, pero pudiendo irnos hasta platos frutados y agridulces.<\/p><p>Un orgullo de nuestra bodega, que ha tenido excelentes devoluciones de los referentes m\u00e1s destacados y p\u00fablico en general.<\/p><\/div><\/div><\/div>\t\t\t\t\t\t<\/div>\n\t\t\t\t<\/div>\n\t\t\t\t\t<\/div>\n\t\t<\/div>\n\t\t\t\t\t\t\t<\/div>\n\t\t<\/section>\n\t\t\t\t<section class=\"elementor-section elementor-top-section elementor-element elementor-element-2ebb32f4 elementor-section-height-min-height elementor-section-boxed elementor-section-height-default elementor-section-items-middle\" data-id=\"2ebb32f4\" data-element_type=\"section\" data-settings=\"{&quot;background_background&quot;:&quot;classic&quot;,&quot;background_motion_fx_motion_fx_scrolling&quot;:&quot;yes&quot;,&quot;background_motion_fx_translateY_effect&quot;:&quot;yes&quot;,&quot;background_motion_fx_translateY_speed&quot;:{&quot;unit&quot;:&quot;px&quot;,&quot;size&quot;:4,&quot;sizes&quot;:[]},&quot;background_motion_fx_translateY_affectedRange&quot;:{&quot;unit&quot;:&quot;%&quot;,&quot;size&quot;:&quot;&quot;,&quot;sizes&quot;:{&quot;start&quot;:0,&quot;end&quot;:100}},&quot;background_motion_fx_devices&quot;:[&quot;desktop&quot;,&quot;tablet&quot;,&quot;mobile&quot;]}\">\n\t\t\t\t\t\t<div class=\"elementor-container elementor-column-gap-default\">\n\t\t\t\t\t<div class=\"elementor-column elementor-col-100 elementor-top-column elementor-element elementor-element-1dac805f\" data-id=\"1dac805f\" data-element_type=\"column\">\n\t\t\t<div class=\"elementor-widget-wrap\">\n\t\t\t\t\t\t\t\t\t<\/div>\n\t\t<\/div>\n\t\t\t\t\t\t\t<\/div>\n\t\t<\/section>\n\t\t\t\t<section class=\"elementor-section elementor-top-section elementor-element elementor-element-7baf8f23 elementor-section-boxed elementor-section-height-default elementor-section-height-default\" data-id=\"7baf8f23\" data-element_type=\"section\">\n\t\t\t\t\t\t<div class=\"elementor-container elementor-column-gap-default\">\n\t\t\t\t\t<div class=\"elementor-column elementor-col-100 elementor-top-column elementor-element elementor-element-3882e4ea\" data-id=\"3882e4ea\" data-element_type=\"column\">\n\t\t\t<div class=\"elementor-widget-wrap elementor-element-populated\">\n\t\t\t\t\t\t\t\t<div class=\"elementor-element elementor-element-50be9a9f elementor-widget elementor-widget-heading\" data-id=\"50be9a9f\" data-element_type=\"widget\" data-widget_type=\"heading.default\">\n\t\t\t\t<div class=\"elementor-widget-container\">\n\t\t\t<h2 class=\"elementor-heading-title elementor-size-default\">Maridaje<\/h2>\t\t<\/div>\n\t\t\t\t<\/div>\n\t\t\t\t<div class=\"elementor-element elementor-element-53afa31b elementor-aspect-ratio-169 elementor-widget elementor-widget-video\" data-id=\"53afa31b\" data-element_type=\"widget\" data-settings=\"{&quot;youtube_url&quot;:&quot;https:\\\/\\\/www.youtube.com\\\/watch?v=sX3fJt8sqOQ&quot;,&quot;show_image_overlay&quot;:&quot;yes&quot;,&quot;image_overlay&quot;:{&quot;url&quot;:&quot;http:\\\/\\\/lamansa.com.py\\\/wp-content\\\/uploads\\\/2021\\\/07\\\/corazon-chardonnay-6.jpg&quot;,&quot;id&quot;:205},&quot;lightbox&quot;:&quot;yes&quot;,&quot;video_type&quot;:&quot;youtube&quot;,&quot;controls&quot;:&quot;yes&quot;,&quot;aspect_ratio&quot;:&quot;169&quot;}\" data-widget_type=\"video.default\">\n\t\t\t\t<div class=\"elementor-widget-container\">\n\t\t\t\t\t<div class=\"elementor-wrapper elementor-open-lightbox\">\n\t\t\t\t\t\t\t<div class=\"elementor-custom-embed-image-overlay\" data-elementor-open-lightbox=\"yes\" data-elementor-lightbox=\"{&quot;type&quot;:&quot;video&quot;,&quot;videoType&quot;:&quot;youtube&quot;,&quot;url&quot;:&quot;https:\\\/\\\/www.youtube.com\\\/embed\\\/sX3fJt8sqOQ?feature=oembed&amp;start&amp;end&amp;wmode=opaque&amp;loop=0&amp;controls=1&amp;mute=0&amp;rel=0&amp;modestbranding=0&quot;,&quot;modalOptions&quot;:{&quot;id&quot;:&quot;elementor-lightbox-53afa31b&quot;,&quot;entranceAnimation&quot;:&quot;&quot;,&quot;entranceAnimation_tablet&quot;:&quot;&quot;,&quot;entranceAnimation_mobile&quot;:&quot;&quot;,&quot;videoAspectRatio&quot;:&quot;169&quot;}}\">\n\t\t\t\t\t\t\t\t\t\t\t<img width=\"900\" height=\"600\" src=\"http:\/\/lamansa.com.py\/wp-content\/uploads\/2021\/07\/corazon-chardonnay-6.jpg\" class=\"attachment-full size-full\" alt=\"\" loading=\"lazy\" srcset=\"http:\/\/lamansa.com.py\/wp-content\/uploads\/2021\/07\/corazon-chardonnay-6.jpg 900w, http:\/\/lamansa.com.py\/wp-content\/uploads\/2021\/07\/corazon-chardonnay-6-300x200.jpg 300w, http:\/\/lamansa.com.py\/wp-content\/uploads\/2021\/07\/corazon-chardonnay-6-768x512.jpg 768w\" sizes=\"(max-width: 900px) 100vw, 900px\" \/>\t\t\t\t\t\t\t\t\t\t\t\t\t\t\t\t<div class=\"elementor-custom-embed-play\" role=\"button\">\n\t\t\t\t\t\t\t<i class=\"eicon-play\" aria-hidden=\"true\"><\/i>\n\t\t\t\t\t\t\t<span class=\"elementor-screen-only\">Reproducir v\u00eddeo<\/span>\n\t\t\t\t\t\t<\/div>\n\t\t\t\t\t\t\t\t\t<\/div>\n\t\t\t\t\t<\/div>\n\t\t\t\t<\/div>\n\t\t\t\t<\/div>\n\t\t\t\t\t<\/div>\n\t\t<\/div>\n\t\t\t\t\t\t\t<\/div>\n\t\t<\/section>\n\t\t\t\t<section class=\"elementor-section elementor-top-section elementor-element elementor-element-55e7395b elementor-section-full_width elementor-reverse-mobile elementor-section-height-min-height elementor-section-height-default elementor-section-items-middle\" data-id=\"55e7395b\" data-element_type=\"section\" data-settings=\"{&quot;background_background&quot;:&quot;classic&quot;}\">\n\t\t\t\t\t\t<div class=\"elementor-container elementor-column-gap-no\">\n\t\t\t\t\t<div class=\"elementor-column elementor-col-100 elementor-top-column elementor-element elementor-element-129a8f5f\" data-id=\"129a8f5f\" data-element_type=\"column\">\n\t\t\t<div class=\"elementor-widget-wrap elementor-element-populated\">\n\t\t\t\t\t\t\t\t<div class=\"elementor-element elementor-element-416080a9 elementor-widget elementor-widget-heading\" data-id=\"416080a9\" data-element_type=\"widget\" data-settings=\"{&quot;motion_fx_motion_fx_scrolling&quot;:&quot;yes&quot;,&quot;motion_fx_translateY_effect&quot;:&quot;yes&quot;,&quot;motion_fx_translateY_direction&quot;:&quot;negative&quot;,&quot;motion_fx_translateY_speed&quot;:{&quot;unit&quot;:&quot;px&quot;,&quot;size&quot;:2,&quot;sizes&quot;:[]},&quot;motion_fx_translateY_affectedRange&quot;:{&quot;unit&quot;:&quot;%&quot;,&quot;size&quot;:&quot;&quot;,&quot;sizes&quot;:{&quot;start&quot;:0,&quot;end&quot;:50}},&quot;motion_fx_devices&quot;:[&quot;desktop&quot;,&quot;tablet&quot;,&quot;mobile&quot;]}\" data-widget_type=\"heading.default\">\n\t\t\t\t<div class=\"elementor-widget-container\">\n\t\t\t<h2 class=\"elementor-heading-title elementor-size-default\">Chardonnay Reserva Roble 2017<\/h2>\t\t<\/div>\n\t\t\t\t<\/div>\n\t\t\t\t<div class=\"elementor-element elementor-element-33037e19 elementor-widget__width-initial elementor-align-center elementor-widget elementor-widget-button\" data-id=\"33037e19\" data-element_type=\"widget\" data-settings=\"{&quot;motion_fx_motion_fx_scrolling&quot;:&quot;yes&quot;,&quot;motion_fx_translateY_effect&quot;:&quot;yes&quot;,&quot;motion_fx_translateY_speed&quot;:{&quot;unit&quot;:&quot;px&quot;,&quot;size&quot;:2,&quot;sizes&quot;:[]},&quot;motion_fx_translateY_affectedRange&quot;:{&quot;unit&quot;:&quot;%&quot;,&quot;size&quot;:&quot;&quot;,&quot;sizes&quot;:{&quot;start&quot;:0,&quot;end&quot;:50}},&quot;motion_fx_devices&quot;:[&quot;desktop&quot;,&quot;tablet&quot;,&quot;mobile&quot;]}\" data-widget_type=\"button.default\">\n\t\t\t\t<div class=\"elementor-widget-container\">\n\t\t\t\t\t<div class=\"elementor-button-wrapper\">\n\t\t\t<a href=\"https:\/\/lamansawines.mitiendanube.com\/productos\/ego-corazon-negro-chardonnay-microvinificado-x3\/\" target=\"_blank\" class=\"elementor-button-link elementor-button elementor-size-sm\" role=\"button\">\n\t\t\t\t\t\t<span class=\"elementor-button-content-wrapper\">\n\t\t\t\t\t\t<span class=\"elementor-button-text\">Comprar ahora<\/span>\n\t\t<\/span>\n\t\t\t\t\t<\/a>\n\t\t<\/div>\n\t\t\t\t<\/div>\n\t\t\t\t<\/div>\n\t\t\t\t<div class=\"elementor-element elementor-element-52ecd3bd elementor-widget elementor-widget-spacer\" data-id=\"52ecd3bd\" data-element_type=\"widget\" data-widget_type=\"spacer.default\">\n\t\t\t\t<div class=\"elementor-widget-container\">\n\t\t\t\t\t<div class=\"elementor-spacer\">\n\t\t\t<div class=\"elementor-spacer-inner\"><\/div>\n\t\t<\/div>\n\t\t\t\t<\/div>\n\t\t\t\t<\/div>\n\t\t\t\t\t<\/div>\n\t\t<\/div>\n\t\t\t\t\t\t\t<\/div>\n\t\t<\/section>\n\t\t\t\t\t\t<\/div>\n\t\t\t\t\t<\/div>\n\t\t","protected":false},"excerpt":{"rendered":"<p>CORAZ\u00d3N NEGRO Chardonnay Reserva Roble 2017 Datos t\u00e9cnicos Uva: 100 % ChardonnayVi\u00f1edos seleccionados, de baja producci\u00f3n Regi\u00f3n: San Rafael &#8211; MendozaA\u00f1o: 2018Contenido: 750 c.c.Presentaci\u00f3n: caja estilo cofre de 3 botellas. Tap\u00f3n natural. Botella Borgo\u00f1a.Tenor\u00a0Alcoh\u00f3lico: 14,3 %A\u00f1ejamiento: 12 meses en barrica de roble americano de 1er y 2do usoCrianza: 5 meses en botella, en cava.Temperatura de &hellip;<\/p>\n<p class=\"read-more\"> <a class=\"\" href=\"http:\/\/lamansa.com.py\/index.php\/corazon-negro-chardonnay\/\"> <span class=\"screen-reader-text\">Coraz\u00f3n Negro Chardonnay<\/span> Leer m\u00e1s &raquo;<\/a><\/p>\n","protected":false},"author":1,"featured_media":0,"parent":0,"menu_order":0,"comment_status":"closed","ping_status":"closed","template":"","meta":[],"_links":{"self":[{"href":"http:\/\/lamansa.com.py\/index.php\/wp-json\/wp\/v2\/pages\/198"}],"collection":[{"href":"http:\/\/lamansa.com.py\/index.php\/wp-json\/wp\/v2\/pages"}],"about":[{"href":"http:\/\/lamansa.com.py\/index.php\/wp-json\/wp\/v2\/types\/page"}],"author":[{"embeddable":true,"href":"http:\/\/lamansa.com.py\/index.php\/wp-json\/wp\/v2\/users\/1"}],"replies":[{"embeddable":true,"href":"http:\/\/lamansa.com.py\/index.php\/wp-json\/wp\/v2\/comments?post=198"}],"version-history":[{"count":4,"href":"http:\/\/lamansa.com.py\/index.php\/wp-json\/wp\/v2\/pages\/198\/revisions"}],"predecessor-version":[{"id":210,"href":"http:\/\/lamansa.com.py\/index.php\/wp-json\/wp\/v2\/pages\/198\/revisions\/210"}],"wp:attachment":[{"href":"http:\/\/lamansa.com.py\/index.php\/wp-json\/wp\/v2\/media?parent=198"}],"curies":[{"name":"wp","href":"https:\/\/api.w.org\/{rel}","templated":true}]}}