{"id":151,"date":"2021-07-12T18:53:47","date_gmt":"2021-07-12T18:53:47","guid":{"rendered":"https:\/\/lamansa.com.py\/?page_id=151"},"modified":"2021-07-12T18:56:07","modified_gmt":"2021-07-12T18:56:07","slug":"bodega","status":"publish","type":"page","link":"https:\/\/lamansa.com.py\/index.php\/bodega\/","title":{"rendered":"Bodega"},"content":{"rendered":"\t\t<div data-elementor-type=\"wp-page\" data-elementor-id=\"151\" class=\"elementor elementor-151\" data-elementor-settings=\"[]\">\n\t\t\t\t\t\t\t<div class=\"elementor-section-wrap\">\n\t\t\t\t\t\t\t<section class=\"elementor-section elementor-top-section elementor-element elementor-element-7a0562fc elementor-section-full_width elementor-section-height-default elementor-section-height-default\" data-id=\"7a0562fc\" data-element_type=\"section\" data-settings=\"{&quot;background_background&quot;:&quot;classic&quot;}\">\n\t\t\t\t\t\t<div class=\"elementor-container elementor-column-gap-no\">\n\t\t\t\t\t<div class=\"elementor-column elementor-col-50 elementor-top-column elementor-element elementor-element-2840607e\" data-id=\"2840607e\" data-element_type=\"column\">\n\t\t\t<div class=\"elementor-widget-wrap elementor-element-populated\">\n\t\t\t\t\t\t\t\t<div class=\"elementor-element elementor-element-591bcb9f elementor-widget__width-initial elementor-widget elementor-widget-heading\" data-id=\"591bcb9f\" data-element_type=\"widget\" data-widget_type=\"heading.default\">\n\t\t\t\t<div class=\"elementor-widget-container\">\n\t\t\t<h2 class=\"elementor-heading-title elementor-size-default\">La Mansa Wine Estates<\/h2>\t\t<\/div>\n\t\t\t\t<\/div>\n\t\t\t\t<div class=\"elementor-element elementor-element-4b9d19e1 elementor-widget-divider--view-line elementor-widget elementor-widget-divider\" data-id=\"4b9d19e1\" data-element_type=\"widget\" data-widget_type=\"divider.default\">\n\t\t\t\t<div class=\"elementor-widget-container\">\n\t\t\t\t\t<div class=\"elementor-divider\">\n\t\t\t<span class=\"elementor-divider-separator\">\n\t\t\t\t\t\t<\/span>\n\t\t<\/div>\n\t\t\t\t<\/div>\n\t\t\t\t<\/div>\n\t\t\t\t<div class=\"elementor-element elementor-element-69e19b9f elementor-widget__width-initial elementor-widget elementor-widget-text-editor\" data-id=\"69e19b9f\" data-element_type=\"widget\" data-settings=\"{&quot;_animation&quot;:&quot;none&quot;,&quot;_animation_delay&quot;:100}\" data-widget_type=\"text-editor.default\">\n\t\t\t\t<div class=\"elementor-widget-container\">\n\t\t\t\t\t\t\t\t<p>Somos La Mansa Wine Estates, una Bodega de San Rafael Mendoza, donde adem\u00e1s de elaborar vinos de Alta Gama, transmitimos una EXPERIENCIA \u00fanica.<\/p>\t\t\t\t\t\t<\/div>\n\t\t\t\t<\/div>\n\t\t\t\t\t<\/div>\n\t\t<\/div>\n\t\t\t\t<div class=\"elementor-column elementor-col-50 elementor-top-column elementor-element elementor-element-6a13bb2c\" data-id=\"6a13bb2c\" data-element_type=\"column\">\n\t\t\t<div class=\"elementor-widget-wrap elementor-element-populated\">\n\t\t\t\t\t\t\t\t<div class=\"elementor-element elementor-element-56aadb9e elementor-widget elementor-widget-image\" data-id=\"56aadb9e\" data-element_type=\"widget\" data-widget_type=\"image.default\">\n\t\t\t\t<div class=\"elementor-widget-container\">\n\t\t\t\t\t\t\t\t\t\t\t\t\t\t\t<img width=\"1000\" height=\"1000\" src=\"https:\/\/lamansa.com.py\/wp-content\/uploads\/2021\/07\/Bodega-la-mansa-01.jpg\" class=\"attachment-full size-full\" alt=\"\" loading=\"lazy\" srcset=\"https:\/\/lamansa.com.py\/wp-content\/uploads\/2021\/07\/Bodega-la-mansa-01.jpg 1000w, https:\/\/lamansa.com.py\/wp-content\/uploads\/2021\/07\/Bodega-la-mansa-01-300x300.jpg 300w, https:\/\/lamansa.com.py\/wp-content\/uploads\/2021\/07\/Bodega-la-mansa-01-150x150.jpg 150w, https:\/\/lamansa.com.py\/wp-content\/uploads\/2021\/07\/Bodega-la-mansa-01-768x768.jpg 768w\" sizes=\"(max-width: 1000px) 100vw, 1000px\" \/>\t\t\t\t\t\t\t\t\t\t\t\t\t\t\t<\/div>\n\t\t\t\t<\/div>\n\t\t\t\t\t<\/div>\n\t\t<\/div>\n\t\t\t\t\t\t\t<\/div>\n\t\t<\/section>\n\t\t\t\t<section class=\"elementor-section elementor-top-section elementor-element elementor-element-7ff3b366 elementor-section-full_width elementor-reverse-mobile elementor-section-height-default elementor-section-height-default\" data-id=\"7ff3b366\" data-element_type=\"section\" data-settings=\"{&quot;background_background&quot;:&quot;classic&quot;}\">\n\t\t\t\t\t\t<div class=\"elementor-container elementor-column-gap-no\">\n\t\t\t\t\t<div class=\"elementor-column elementor-col-50 elementor-top-column elementor-element elementor-element-71b80b8f\" data-id=\"71b80b8f\" data-element_type=\"column\">\n\t\t\t<div class=\"elementor-widget-wrap elementor-element-populated\">\n\t\t\t\t\t\t\t\t<div class=\"elementor-element elementor-element-6de67bee elementor-widget elementor-widget-image\" data-id=\"6de67bee\" data-element_type=\"widget\" data-widget_type=\"image.default\">\n\t\t\t\t<div class=\"elementor-widget-container\">\n\t\t\t\t\t\t\t\t\t\t\t\t\t\t\t<img width=\"1000\" height=\"1000\" src=\"https:\/\/lamansa.com.py\/wp-content\/uploads\/2021\/07\/Bodega-la-mansa-02.jpg\" class=\"attachment-full size-full\" alt=\"\" loading=\"lazy\" srcset=\"https:\/\/lamansa.com.py\/wp-content\/uploads\/2021\/07\/Bodega-la-mansa-02.jpg 1000w, https:\/\/lamansa.com.py\/wp-content\/uploads\/2021\/07\/Bodega-la-mansa-02-300x300.jpg 300w, https:\/\/lamansa.com.py\/wp-content\/uploads\/2021\/07\/Bodega-la-mansa-02-150x150.jpg 150w, https:\/\/lamansa.com.py\/wp-content\/uploads\/2021\/07\/Bodega-la-mansa-02-768x768.jpg 768w\" sizes=\"(max-width: 1000px) 100vw, 1000px\" \/>\t\t\t\t\t\t\t\t\t\t\t\t\t\t\t<\/div>\n\t\t\t\t<\/div>\n\t\t\t\t\t<\/div>\n\t\t<\/div>\n\t\t\t\t<div class=\"elementor-column elementor-col-50 elementor-top-column elementor-element elementor-element-84d3290\" data-id=\"84d3290\" data-element_type=\"column\">\n\t\t\t<div class=\"elementor-widget-wrap elementor-element-populated\">\n\t\t\t\t\t\t\t\t<div class=\"elementor-element elementor-element-6b6e4b6c elementor-widget__width-initial elementor-widget elementor-widget-text-editor\" data-id=\"6b6e4b6c\" data-element_type=\"widget\" data-settings=\"{&quot;_animation&quot;:&quot;none&quot;,&quot;_animation_delay&quot;:100}\" data-widget_type=\"text-editor.default\">\n\t\t\t\t<div class=\"elementor-widget-container\">\n\t\t\t\t\t\t\t\t<p><span style=\"font-style: inherit; font-weight: inherit; letter-spacing: 0px;\">Los vinos, nacidos en nuestros vi\u00f1edos, incorporan las mejores caracter\u00edsticas de este terru\u00f1o. Varietales como Malbec, Cabernet Sauvignon, Merlot, Bonarda, Tempranillo, Chardonnay entre otras, encuentran en este suelo su m\u00e1ximo potencial, donde en nuestra bodega, bajo la elaboraci\u00f3n y cuidado de nuestro equipo de en\u00f3logos ser\u00e1n los encargados de darle su toque final.<\/span><br><\/p>\t\t\t\t\t\t<\/div>\n\t\t\t\t<\/div>\n\t\t\t\t\t<\/div>\n\t\t<\/div>\n\t\t\t\t\t\t\t<\/div>\n\t\t<\/section>\n\t\t\t\t<section class=\"elementor-section elementor-top-section elementor-element elementor-element-17450ef7 elementor-section-full_width elementor-section-height-default elementor-section-height-default\" data-id=\"17450ef7\" data-element_type=\"section\" data-settings=\"{&quot;background_background&quot;:&quot;classic&quot;}\">\n\t\t\t\t\t\t<div class=\"elementor-container elementor-column-gap-no\">\n\t\t\t\t\t<div class=\"elementor-column elementor-col-50 elementor-top-column elementor-element elementor-element-41fbeb19\" data-id=\"41fbeb19\" data-element_type=\"column\">\n\t\t\t<div class=\"elementor-widget-wrap elementor-element-populated\">\n\t\t\t\t\t\t\t\t<div class=\"elementor-element elementor-element-491c63ef elementor-widget__width-initial elementor-widget elementor-widget-text-editor\" data-id=\"491c63ef\" data-element_type=\"widget\" data-settings=\"{&quot;_animation&quot;:&quot;none&quot;,&quot;_animation_delay&quot;:100}\" data-widget_type=\"text-editor.default\">\n\t\t\t\t<div class=\"elementor-widget-container\">\n\t\t\t\t\t\t\t\t<p>Desde el comienzo criamos nuestras vi\u00f1as, teniendo en cuenta la mejor Gen\u00e9tica, las cuales en su conducci\u00f3n van a ser expuestas a su proceso 100% org\u00e1nico; donde los colores, aromas y sabores har\u00e1n vivir esta Experiencia inolvidable en la copa.<\/p>\t\t\t\t\t\t<\/div>\n\t\t\t\t<\/div>\n\t\t\t\t\t<\/div>\n\t\t<\/div>\n\t\t\t\t<div class=\"elementor-column elementor-col-50 elementor-top-column elementor-element elementor-element-519c5dc6\" data-id=\"519c5dc6\" data-element_type=\"column\">\n\t\t\t<div class=\"elementor-widget-wrap elementor-element-populated\">\n\t\t\t\t\t\t\t\t<div class=\"elementor-element elementor-element-702b5c06 elementor-widget elementor-widget-image\" data-id=\"702b5c06\" data-element_type=\"widget\" data-widget_type=\"image.default\">\n\t\t\t\t<div class=\"elementor-widget-container\">\n\t\t\t\t\t\t\t\t\t\t\t\t\t\t\t<img width=\"1000\" height=\"1000\" src=\"https:\/\/lamansa.com.py\/wp-content\/uploads\/2021\/07\/Bodega-la-mansa-03.jpg\" class=\"attachment-full size-full\" alt=\"\" loading=\"lazy\" srcset=\"https:\/\/lamansa.com.py\/wp-content\/uploads\/2021\/07\/Bodega-la-mansa-03.jpg 1000w, https:\/\/lamansa.com.py\/wp-content\/uploads\/2021\/07\/Bodega-la-mansa-03-300x300.jpg 300w, https:\/\/lamansa.com.py\/wp-content\/uploads\/2021\/07\/Bodega-la-mansa-03-150x150.jpg 150w, https:\/\/lamansa.com.py\/wp-content\/uploads\/2021\/07\/Bodega-la-mansa-03-768x768.jpg 768w\" sizes=\"(max-width: 1000px) 100vw, 1000px\" \/>\t\t\t\t\t\t\t\t\t\t\t\t\t\t\t<\/div>\n\t\t\t\t<\/div>\n\t\t\t\t\t<\/div>\n\t\t<\/div>\n\t\t\t\t\t\t\t<\/div>\n\t\t<\/section>\n\t\t\t\t<section class=\"elementor-section elementor-top-section elementor-element elementor-element-7718a9ec elementor-section-full_width elementor-section-height-default elementor-section-height-default\" data-id=\"7718a9ec\" data-element_type=\"section\">\n\t\t\t\t\t\t<div class=\"elementor-container elementor-column-gap-default\">\n\t\t\t\t\t<div class=\"elementor-column elementor-col-100 elementor-top-column elementor-element elementor-element-4a58646c\" data-id=\"4a58646c\" data-element_type=\"column\">\n\t\t\t<div class=\"elementor-widget-wrap elementor-element-populated\">\n\t\t\t\t\t\t\t\t<div class=\"elementor-element elementor-element-3a00dc43 elementor-widget elementor-widget-google_maps\" data-id=\"3a00dc43\" data-element_type=\"widget\" data-widget_type=\"google_maps.default\">\n\t\t\t\t<div class=\"elementor-widget-container\">\n\t\t\t\t\t<div class=\"elementor-custom-embed\">\n\t\t\t<iframe frameborder=\"0\" scrolling=\"no\" marginheight=\"0\" marginwidth=\"0\" src=\"https:\/\/maps.google.com\/maps?q=la%20mansa%20wines&amp;t=m&amp;z=12&amp;output=embed&amp;iwloc=near\" title=\"%3$s\" aria-label=\"%3$s\"><\/iframe>\n\t\t<\/div>\n\t\t\t\t<\/div>\n\t\t\t\t<\/div>\n\t\t\t\t\t<\/div>\n\t\t<\/div>\n\t\t\t\t\t\t\t<\/div>\n\t\t<\/section>\n\t\t\t\t\t\t<\/div>\n\t\t\t\t\t<\/div>\n\t\t","protected":false},"excerpt":{"rendered":"<p>La Mansa Wine Estates Somos La Mansa Wine Estates, una Bodega de San Rafael Mendoza, donde adem\u00e1s de elaborar vinos de Alta Gama, transmitimos una EXPERIENCIA \u00fanica. Los vinos, nacidos en nuestros vi\u00f1edos, incorporan las mejores caracter\u00edsticas de este terru\u00f1o. Varietales como Malbec, Cabernet Sauvignon, Merlot, Bonarda, Tempranillo, Chardonnay entre otras, encuentran en este suelo &hellip;<\/p>\n<p class=\"read-more\"> <a class=\"\" href=\"https:\/\/lamansa.com.py\/index.php\/bodega\/\"> <span class=\"screen-reader-text\">Bodega<\/span> Leer m\u00e1s &raquo;<\/a><\/p>\n","protected":false},"author":1,"featured_media":0,"parent":0,"menu_order":0,"comment_status":"closed","ping_status":"closed","template":"","meta":[],"_links":{"self":[{"href":"https:\/\/lamansa.com.py\/index.php\/wp-json\/wp\/v2\/pages\/151"}],"collection":[{"href":"https:\/\/lamansa.com.py\/index.php\/wp-json\/wp\/v2\/pages"}],"about":[{"href":"https:\/\/lamansa.com.py\/index.php\/wp-json\/wp\/v2\/types\/page"}],"author":[{"embeddable":true,"href":"https:\/\/lamansa.com.py\/index.php\/wp-json\/wp\/v2\/users\/1"}],"replies":[{"embeddable":true,"href":"https:\/\/lamansa.com.py\/index.php\/wp-json\/wp\/v2\/comments?post=151"}],"version-history":[{"count":4,"href":"https:\/\/lamansa.com.py\/index.php\/wp-json\/wp\/v2\/pages\/151\/revisions"}],"predecessor-version":[{"id":160,"href":"https:\/\/lamansa.com.py\/index.php\/wp-json\/wp\/v2\/pages\/151\/revisions\/160"}],"wp:attachment":[{"href":"https:\/\/lamansa.com.py\/index.php\/wp-json\/wp\/v2\/media?parent=151"}],"curies":[{"name":"wp","href":"https:\/\/api.w.org\/{rel}","templated":true}]}}