{"id":423,"date":"2021-07-14T17:18:25","date_gmt":"2021-07-14T17:18:25","guid":{"rendered":"https:\/\/lamansa.com.py\/?page_id=423"},"modified":"2021-07-14T18:47:18","modified_gmt":"2021-07-14T18:47:18","slug":"vina-ardiente","status":"publish","type":"page","link":"https:\/\/lamansa.com.py\/index.php\/vina-ardiente\/","title":{"rendered":"Vi\u00f1a Ardiente"},"content":{"rendered":"\t\t<div data-elementor-type=\"wp-page\" data-elementor-id=\"423\" class=\"elementor elementor-423\" data-elementor-settings=\"[]\">\n\t\t\t\t\t\t\t<div class=\"elementor-section-wrap\">\n\t\t\t\t\t\t\t<section class=\"elementor-section elementor-top-section elementor-element elementor-element-233c18 elementor-section-full_width elementor-section-height-min-height elementor-section-items-stretch elementor-section-height-default\" data-id=\"233c18\" data-element_type=\"section\">\n\t\t\t\t\t\t<div class=\"elementor-container elementor-column-gap-default\">\n\t\t\t\t\t<div class=\"elementor-column elementor-col-50 elementor-top-column elementor-element elementor-element-7d3b774b\" data-id=\"7d3b774b\" data-element_type=\"column\">\n\t\t\t<div class=\"elementor-widget-wrap elementor-element-populated\">\n\t\t\t\t\t\t\t\t<div class=\"elementor-element elementor-element-36f6931e elementor-aspect-ratio-916 elementor-widget elementor-widget-video\" data-id=\"36f6931e\" data-element_type=\"widget\" data-settings=\"{&quot;video_type&quot;:&quot;hosted&quot;,&quot;autoplay&quot;:&quot;yes&quot;,&quot;loop&quot;:&quot;yes&quot;,&quot;aspect_ratio&quot;:&quot;916&quot;,&quot;mute&quot;:&quot;yes&quot;}\" data-widget_type=\"video.default\">\n\t\t\t\t<div class=\"elementor-widget-container\">\n\t\t\t\t\t<div class=\"e-hosted-video elementor-wrapper elementor-fit-aspect-ratio elementor-open-inline\">\n\t\t\t\t\t<video class=\"elementor-video\" src=\"http:\/\/lamansa.com.py\/wp-content\/uploads\/2021\/07\/vina-ardiente-1.mp4\" autoplay=\"\" loop=\"\" muted=\"muted\" controlsList=\"nodownload\"><\/video>\n\t\t\t\t<\/div>\n\t\t\t\t<\/div>\n\t\t\t\t<\/div>\n\t\t\t\t\t<\/div>\n\t\t<\/div>\n\t\t\t\t<div class=\"elementor-column elementor-col-50 elementor-top-column elementor-element elementor-element-5b00d101\" data-id=\"5b00d101\" data-element_type=\"column\">\n\t\t\t<div class=\"elementor-widget-wrap elementor-element-populated\">\n\t\t\t\t\t\t\t\t<div class=\"elementor-element elementor-element-a54d4ae elementor-widget elementor-widget-image\" data-id=\"a54d4ae\" data-element_type=\"widget\" data-widget_type=\"image.default\">\n\t\t\t\t<div class=\"elementor-widget-container\">\n\t\t\t\t\t\t\t\t\t\t\t\t\t\t\t<img width=\"1024\" height=\"408\" src=\"https:\/\/lamansa.com.py\/wp-content\/uploads\/2021\/07\/004-1024x408.png\" class=\"attachment-large size-large\" alt=\"\" loading=\"lazy\" srcset=\"https:\/\/lamansa.com.py\/wp-content\/uploads\/2021\/07\/004-1024x408.png 1024w, https:\/\/lamansa.com.py\/wp-content\/uploads\/2021\/07\/004-300x120.png 300w, https:\/\/lamansa.com.py\/wp-content\/uploads\/2021\/07\/004-768x306.png 768w, https:\/\/lamansa.com.py\/wp-content\/uploads\/2021\/07\/004-1536x612.png 1536w, https:\/\/lamansa.com.py\/wp-content\/uploads\/2021\/07\/004-2048x816.png 2048w\" sizes=\"(max-width: 1024px) 100vw, 1024px\" \/>\t\t\t\t\t\t\t\t\t\t\t\t\t\t\t<\/div>\n\t\t\t\t<\/div>\n\t\t\t\t<div class=\"elementor-element elementor-element-5672b3f7 elementor-widget elementor-widget-image\" data-id=\"5672b3f7\" data-element_type=\"widget\" data-widget_type=\"image.default\">\n\t\t\t\t<div class=\"elementor-widget-container\">\n\t\t\t\t\t\t\t\t\t\t\t\t\t\t\t<img width=\"1025\" height=\"100\" src=\"https:\/\/lamansa.com.py\/wp-content\/uploads\/2021\/07\/NUESTRAS-VINAS-1.png\" class=\"attachment-full size-full\" alt=\"\" loading=\"lazy\" srcset=\"https:\/\/lamansa.com.py\/wp-content\/uploads\/2021\/07\/NUESTRAS-VINAS-1.png 1025w, https:\/\/lamansa.com.py\/wp-content\/uploads\/2021\/07\/NUESTRAS-VINAS-1-300x29.png 300w, https:\/\/lamansa.com.py\/wp-content\/uploads\/2021\/07\/NUESTRAS-VINAS-1-768x75.png 768w\" sizes=\"(max-width: 1025px) 100vw, 1025px\" \/>\t\t\t\t\t\t\t\t\t\t\t\t\t\t\t<\/div>\n\t\t\t\t<\/div>\n\t\t\t\t<div class=\"elementor-element elementor-element-6436a38f elementor-widget-divider--view-line elementor-widget elementor-widget-divider\" data-id=\"6436a38f\" data-element_type=\"widget\" data-widget_type=\"divider.default\">\n\t\t\t\t<div class=\"elementor-widget-container\">\n\t\t\t\t\t<div class=\"elementor-divider\">\n\t\t\t<span class=\"elementor-divider-separator\">\n\t\t\t\t\t\t<\/span>\n\t\t<\/div>\n\t\t\t\t<\/div>\n\t\t\t\t<\/div>\n\t\t\t\t<div class=\"elementor-element elementor-element-154eaae elementor-widget__width-initial elementor-widget-tablet__width-initial elementor-widget elementor-widget-text-editor\" data-id=\"154eaae\" data-element_type=\"widget\" data-widget_type=\"text-editor.default\">\n\t\t\t\t<div class=\"elementor-widget-container\">\n\t\t\t\t\t\t\t\t<p>Pensamos que no hab\u00eda retorno luego del fuego. Las vi\u00f1as heredadas de conocedores inmigrantes europeos hab\u00edan sucumbido a las consecuencias de un viento seco y una chispa que inici\u00f3 una secuencia tr\u00e1gicamente inolvidable.<br \/>Este vino es fruto del esp\u00edritu de conservaci\u00f3n de plantas que se repusieron a la peor desgracia posible. Plantas fieles a su gen\u00e9tica , herencia que ni el fuego pudo destruir.<br \/>Esp\u00edritu inmortal. Demostraci\u00f3n absoluta del poder de la identidad y el desarrollo del car\u00e1cter complejo de este vino.<\/p>\t\t\t\t\t\t<\/div>\n\t\t\t\t<\/div>\n\t\t\t\t\t<\/div>\n\t\t<\/div>\n\t\t\t\t\t\t\t<\/div>\n\t\t<\/section>\n\t\t\t\t<section class=\"elementor-section elementor-top-section elementor-element elementor-element-1fa7c0ec elementor-section-boxed elementor-section-height-default elementor-section-height-default\" data-id=\"1fa7c0ec\" data-element_type=\"section\" data-settings=\"{&quot;background_background&quot;:&quot;classic&quot;}\">\n\t\t\t\t\t\t<div class=\"elementor-container elementor-column-gap-default\">\n\t\t\t\t\t<div class=\"elementor-column elementor-col-50 elementor-top-column elementor-element elementor-element-361f992c\" data-id=\"361f992c\" data-element_type=\"column\">\n\t\t\t<div class=\"elementor-widget-wrap elementor-element-populated\">\n\t\t\t\t\t\t\t\t<div class=\"elementor-element elementor-element-7061bb91 elementor-widget elementor-widget-image\" data-id=\"7061bb91\" data-element_type=\"widget\" data-widget_type=\"image.default\">\n\t\t\t\t<div class=\"elementor-widget-container\">\n\t\t\t\t\t\t\t\t\t\t\t\t\t\t\t<img width=\"948\" height=\"548\" src=\"https:\/\/lamansa.com.py\/wp-content\/uploads\/2021\/07\/malbec.png\" class=\"attachment-full size-full\" alt=\"\" loading=\"lazy\" srcset=\"https:\/\/lamansa.com.py\/wp-content\/uploads\/2021\/07\/malbec.png 948w, https:\/\/lamansa.com.py\/wp-content\/uploads\/2021\/07\/malbec-300x173.png 300w, https:\/\/lamansa.com.py\/wp-content\/uploads\/2021\/07\/malbec-768x444.png 768w\" sizes=\"(max-width: 948px) 100vw, 948px\" \/>\t\t\t\t\t\t\t\t\t\t\t\t\t\t\t<\/div>\n\t\t\t\t<\/div>\n\t\t\t\t<div class=\"elementor-element elementor-element-1fffb2bc elementor-widget__width-initial elementor-widget elementor-widget-image\" data-id=\"1fffb2bc\" data-element_type=\"widget\" data-widget_type=\"image.default\">\n\t\t\t\t<div class=\"elementor-widget-container\">\n\t\t\t\t\t\t\t\t\t\t\t\t\t\t\t<img width=\"803\" height=\"66\" src=\"https:\/\/lamansa.com.py\/wp-content\/uploads\/2021\/07\/nuestras-malbec.png\" class=\"attachment-full size-full\" alt=\"\" loading=\"lazy\" srcset=\"https:\/\/lamansa.com.py\/wp-content\/uploads\/2021\/07\/nuestras-malbec.png 803w, https:\/\/lamansa.com.py\/wp-content\/uploads\/2021\/07\/nuestras-malbec-300x25.png 300w, https:\/\/lamansa.com.py\/wp-content\/uploads\/2021\/07\/nuestras-malbec-768x63.png 768w\" sizes=\"(max-width: 803px) 100vw, 803px\" \/>\t\t\t\t\t\t\t\t\t\t\t\t\t\t\t<\/div>\n\t\t\t\t<\/div>\n\t\t\t\t<div class=\"elementor-element elementor-element-3644b4fc elementor-widget__width-initial elementor-widget elementor-widget-text-editor\" data-id=\"3644b4fc\" data-element_type=\"widget\" data-widget_type=\"text-editor.default\">\n\t\t\t\t<div class=\"elementor-widget-container\">\n\t\t\t\t\t\t\t\t<p><strong>Notas de cata:<\/strong><\/p><p>Malbec muy atractivo. Rojo p\u00farpura. Sus aromas y sabores recuerdan a frutos rojos maduros como ciruelas, guindas y moras. En boca los taninos se perciben suaves y dulces. Vino con intensidad media y un final duradero.<\/p>\t\t\t\t\t\t<\/div>\n\t\t\t\t<\/div>\n\t\t\t\t<div class=\"elementor-element elementor-element-6d8b0d1c elementor-widget elementor-widget-spacer\" data-id=\"6d8b0d1c\" data-element_type=\"widget\" data-widget_type=\"spacer.default\">\n\t\t\t\t<div class=\"elementor-widget-container\">\n\t\t\t\t\t<div class=\"elementor-spacer\">\n\t\t\t<div class=\"elementor-spacer-inner\"><\/div>\n\t\t<\/div>\n\t\t\t\t<\/div>\n\t\t\t\t<\/div>\n\t\t\t\t\t<\/div>\n\t\t<\/div>\n\t\t\t\t<div class=\"elementor-column elementor-col-50 elementor-top-column elementor-element elementor-element-432001c7\" data-id=\"432001c7\" data-element_type=\"column\">\n\t\t\t<div class=\"elementor-widget-wrap elementor-element-populated\">\n\t\t\t\t\t\t\t\t<div class=\"elementor-element elementor-element-4c2a41c8 elementor-widget elementor-widget-image\" data-id=\"4c2a41c8\" data-element_type=\"widget\" data-widget_type=\"image.default\">\n\t\t\t\t<div class=\"elementor-widget-container\">\n\t\t\t\t\t\t\t\t\t\t\t\t\t\t\t<img width=\"948\" height=\"548\" src=\"https:\/\/lamansa.com.py\/wp-content\/uploads\/2021\/07\/cabernet.png\" class=\"attachment-full size-full\" alt=\"\" loading=\"lazy\" srcset=\"https:\/\/lamansa.com.py\/wp-content\/uploads\/2021\/07\/cabernet.png 948w, https:\/\/lamansa.com.py\/wp-content\/uploads\/2021\/07\/cabernet-300x173.png 300w, https:\/\/lamansa.com.py\/wp-content\/uploads\/2021\/07\/cabernet-768x444.png 768w\" sizes=\"(max-width: 948px) 100vw, 948px\" \/>\t\t\t\t\t\t\t\t\t\t\t\t\t\t\t<\/div>\n\t\t\t\t<\/div>\n\t\t\t\t<div class=\"elementor-element elementor-element-469aee2b elementor-widget__width-initial elementor-widget elementor-widget-image\" data-id=\"469aee2b\" data-element_type=\"widget\" data-widget_type=\"image.default\">\n\t\t\t\t<div class=\"elementor-widget-container\">\n\t\t\t\t\t\t\t\t\t\t\t\t\t\t\t<img width=\"1130\" height=\"66\" src=\"https:\/\/lamansa.com.py\/wp-content\/uploads\/2021\/07\/nuestras-cabernet.png\" class=\"attachment-full size-full\" alt=\"\" loading=\"lazy\" srcset=\"https:\/\/lamansa.com.py\/wp-content\/uploads\/2021\/07\/nuestras-cabernet.png 1130w, https:\/\/lamansa.com.py\/wp-content\/uploads\/2021\/07\/nuestras-cabernet-300x18.png 300w, https:\/\/lamansa.com.py\/wp-content\/uploads\/2021\/07\/nuestras-cabernet-1024x60.png 1024w, https:\/\/lamansa.com.py\/wp-content\/uploads\/2021\/07\/nuestras-cabernet-768x45.png 768w\" sizes=\"(max-width: 1130px) 100vw, 1130px\" \/>\t\t\t\t\t\t\t\t\t\t\t\t\t\t\t<\/div>\n\t\t\t\t<\/div>\n\t\t\t\t<div class=\"elementor-element elementor-element-6888b801 elementor-widget__width-initial elementor-widget elementor-widget-text-editor\" data-id=\"6888b801\" data-element_type=\"widget\" data-widget_type=\"text-editor.default\">\n\t\t\t\t<div class=\"elementor-widget-container\">\n\t\t\t\t\t\t\t\t<p><strong>Notas de cata:<\/strong><\/p><p>De color rub\u00ed con notas viol\u00e1ceas, sus aromas a frutos rojos secos, pimiento, y especias. complementan la boca intensa con la cereza agria y sabores de cassis y aceitunas negras. Sabores a tierra abundan en sobre el final. Vino ideal para acompa\u00f1ar ahumados, fiambres y guisos.<\/p>\t\t\t\t\t\t<\/div>\n\t\t\t\t<\/div>\n\t\t\t\t<div class=\"elementor-element elementor-element-6c03104b elementor-widget elementor-widget-spacer\" data-id=\"6c03104b\" data-element_type=\"widget\" data-widget_type=\"spacer.default\">\n\t\t\t\t<div class=\"elementor-widget-container\">\n\t\t\t\t\t<div class=\"elementor-spacer\">\n\t\t\t<div class=\"elementor-spacer-inner\"><\/div>\n\t\t<\/div>\n\t\t\t\t<\/div>\n\t\t\t\t<\/div>\n\t\t\t\t\t<\/div>\n\t\t<\/div>\n\t\t\t\t\t\t\t<\/div>\n\t\t<\/section>\n\t\t\t\t<section class=\"elementor-section elementor-top-section elementor-element elementor-element-7ccdd4f elementor-section-boxed elementor-section-height-default elementor-section-height-default\" data-id=\"7ccdd4f\" data-element_type=\"section\" data-settings=\"{&quot;background_background&quot;:&quot;classic&quot;}\">\n\t\t\t\t\t\t\t<div class=\"elementor-background-overlay\"><\/div>\n\t\t\t\t\t\t\t<div class=\"elementor-container elementor-column-gap-default\">\n\t\t\t\t\t<div class=\"elementor-column elementor-col-50 elementor-top-column elementor-element elementor-element-1580d02c\" data-id=\"1580d02c\" data-element_type=\"column\">\n\t\t\t<div class=\"elementor-widget-wrap\">\n\t\t\t\t\t\t\t\t\t<\/div>\n\t\t<\/div>\n\t\t\t\t<div class=\"elementor-column elementor-col-50 elementor-top-column elementor-element elementor-element-3a25ef72\" data-id=\"3a25ef72\" data-element_type=\"column\">\n\t\t\t<div class=\"elementor-widget-wrap elementor-element-populated\">\n\t\t\t\t\t\t\t\t<div class=\"elementor-element elementor-element-1a911746 elementor-aspect-ratio-169 elementor-widget elementor-widget-video\" data-id=\"1a911746\" data-element_type=\"widget\" data-settings=\"{&quot;youtube_url&quot;:&quot;https:\\\/\\\/www.youtube.com\\\/watch?v=-oTKo6neG2Q&quot;,&quot;video_type&quot;:&quot;youtube&quot;,&quot;controls&quot;:&quot;yes&quot;,&quot;aspect_ratio&quot;:&quot;169&quot;}\" data-widget_type=\"video.default\">\n\t\t\t\t<div class=\"elementor-widget-container\">\n\t\t\t\t\t<div class=\"elementor-wrapper elementor-fit-aspect-ratio elementor-open-inline\">\n\t\t\t<div class=\"elementor-video\"><\/div>\t\t<\/div>\n\t\t\t\t<\/div>\n\t\t\t\t<\/div>\n\t\t\t\t\t<\/div>\n\t\t<\/div>\n\t\t\t\t\t\t\t<\/div>\n\t\t<\/section>\n\t\t\t\t\t\t<\/div>\n\t\t\t\t\t<\/div>\n\t\t","protected":false},"excerpt":{"rendered":"<p>http:\/\/lamansa.com.py\/wp-content\/uploads\/2021\/07\/vina-ardiente-1.mp4 Pensamos que no hab\u00eda retorno luego del fuego. Las vi\u00f1as heredadas de conocedores inmigrantes europeos hab\u00edan sucumbido a las consecuencias de un viento seco y una chispa que inici\u00f3 una secuencia tr\u00e1gicamente inolvidable.Este vino es fruto del esp\u00edritu de conservaci\u00f3n de plantas que se repusieron a la peor desgracia posible. Plantas fieles a su &hellip;<\/p>\n<p class=\"read-more\"> <a class=\"\" href=\"https:\/\/lamansa.com.py\/index.php\/vina-ardiente\/\"> <span class=\"screen-reader-text\">Vi\u00f1a Ardiente<\/span> Leer m\u00e1s &raquo;<\/a><\/p>\n","protected":false},"author":1,"featured_media":0,"parent":0,"menu_order":0,"comment_status":"closed","ping_status":"closed","template":"","meta":[],"_links":{"self":[{"href":"https:\/\/lamansa.com.py\/index.php\/wp-json\/wp\/v2\/pages\/423"}],"collection":[{"href":"https:\/\/lamansa.com.py\/index.php\/wp-json\/wp\/v2\/pages"}],"about":[{"href":"https:\/\/lamansa.com.py\/index.php\/wp-json\/wp\/v2\/types\/page"}],"author":[{"embeddable":true,"href":"https:\/\/lamansa.com.py\/index.php\/wp-json\/wp\/v2\/users\/1"}],"replies":[{"embeddable":true,"href":"https:\/\/lamansa.com.py\/index.php\/wp-json\/wp\/v2\/comments?post=423"}],"version-history":[{"count":7,"href":"https:\/\/lamansa.com.py\/index.php\/wp-json\/wp\/v2\/pages\/423\/revisions"}],"predecessor-version":[{"id":559,"href":"https:\/\/lamansa.com.py\/index.php\/wp-json\/wp\/v2\/pages\/423\/revisions\/559"}],"wp:attachment":[{"href":"https:\/\/lamansa.com.py\/index.php\/wp-json\/wp\/v2\/media?parent=423"}],"curies":[{"name":"wp","href":"https:\/\/api.w.org\/{rel}","templated":true}]}}